{"id":2757,"date":"2026-02-13T15:41:12","date_gmt":"2026-02-13T08:41:12","guid":{"rendered":"https:\/\/staging.polyvac.com.vn\/?page_id=2757"},"modified":"2026-03-10T14:44:40","modified_gmt":"2026-03-10T07:44:40","slug":"san-pham-dang-nghien-cuu","status":"publish","type":"page","link":"https:\/\/staging.polyvac.com.vn\/en\/san-pham-dang-nghien-cuu\/","title":{"rendered":"Product Under Development"},"content":{"rendered":"<div data-elementor-type=\"wp-page\" data-elementor-id=\"2757\" class=\"elementor elementor-2757\">\n\t\t\t\t\t\t<div class=\"elementor-section elementor-top-section elementor-element elementor-element-b70cc88 elementor-section-stretched ts-col-stretched-none ts-bg-color-over-image elementor-section-boxed elementor-section-height-default elementor-section-height-default\" data-id=\"b70cc88\" data-element_type=\"section\" data-settings=\"{&quot;stretch_section&quot;:&quot;section-stretched&quot;}\">\n\t\t\t\t\t\t<div class=\"elementor-container elementor-column-gap-no\">\n\t\t\t\t\t<div class=\"elementor-column elementor-col-100 elementor-top-column elementor-element elementor-element-81e6d24 ts-bg-color-over-image\" data-id=\"81e6d24\" data-element_type=\"column\">\n\t\t\t<div class=\"elementor-widget-wrap elementor-element-populated\">\n\t\t\t\t\t\t<div class=\"elementor-element elementor-element-3195980 e-transform research-products ts-align-left elementor-invisible elementor-widget elementor-widget-ts_portfolio_element\" data-id=\"3195980\" data-element_type=\"widget\" data-settings=\"{&quot;_animation&quot;:&quot;fadeIn&quot;,&quot;_transform_rotateZ_effect&quot;:{&quot;unit&quot;:&quot;px&quot;,&quot;size&quot;:&quot;&quot;,&quot;sizes&quot;:[]},&quot;_transform_rotateZ_effect_tablet&quot;:{&quot;unit&quot;:&quot;deg&quot;,&quot;size&quot;:&quot;&quot;,&quot;sizes&quot;:[]},&quot;_transform_rotateZ_effect_mobile&quot;:{&quot;unit&quot;:&quot;deg&quot;,&quot;size&quot;:&quot;&quot;,&quot;sizes&quot;:[]}}\" data-widget_type=\"ts_portfolio_element.default\">\n\t\t\t\t<div class=\"elementor-widget-container\">\n\t\t\t\t\t\r\n\t\t<div class=\"themestek-boxes themestek-boxes-portfolio themestek-boxes-element-portfolio-style-1 themestek-boxes-view-default themestek-boxes-col-three themestek-boxes-sortable-yes themestek-boxes-textalign-left themestek-boxes-sortablebutton- themestek-boxes-spacing-default\">\n\t\t<div class=\"themestek-boxes-inner themestek-boxes-portfolio-inner\">\t<div class=\"ts-heading-subheading\"><\/div>\n\t\t\t<div class=\"ts-sortable-wrapper ts-sortable-wrapper-portfolio\"><nav class=\"ts-sortable-list\"><ul><li class=\"ts-sortable-link ts-sortable-all-link\"><a title=\"All\" class=\"selected\" href=\"void(0);\" data-filter=\"*\"> All <\/a><\/li><li class=\"ts-sortable-link\"><a title=\"Product Under Development\" href=\"void(0);\" data-filter=\".ts-term-148\">Product Under Development<\/a><\/li><\/ul><\/nav><\/div>\n\t\t\t<div class=\"row multi-columns-row themestek-boxes-row-wrapper\">\n\t\t\t\t<div class=\"ts-box-col-wrapper col-lg-4 col-sm-6 col-md-4 col-xs-12 ts-term-148\"><article class=\"themestek-box themestek-box-portfolio ts-portfoliobox-style-1 ts-hover-style-2\">\n\t<div class=\"themestek-post-item\">\n\t\t<a href=\"https:\/\/staging.polyvac.com.vn\/en\/research\/khay-thu-xet-nghiem-dinh-tinh-khang-nguyen-vi-rut-rubella\/\">\n\t\t<span class=\"themestek-item-thumbnail\">\n\t\t\t<span class=\"themestek-item-thumbnail-inner\">\n\t\t\t\t<img fetchpriority=\"high\" decoding=\"async\" width=\"800\" height=\"650\" src=\"https:\/\/staging.polyvac.com.vn\/wp-content\/uploads\/2026\/02\/RUBELLA-e1774881568302-800x650.jpg\" class=\"attachment-themestek-img-800x650 size-themestek-img-800x650 wp-post-image\" alt=\"\" \/>\n\t\t\t<\/span>\n\t\t<\/span><\/a>\n\t\t<div class=\"themestek-box-content\">\n            <div class=\"themestek-box-content-inner\">\t\t\t  \n\t\t\t\t\n\t\t\t\t<div class=\"themestek-pf-box-title\">\n\t\t\t\t\t<div class=\"themestek-box-category\"><a href=\"https:\/\/staging.polyvac.com.vn\/en\/research-category\/sanphamdangnghiencuu\/\">Product Under Development<\/a><\/div>\n\t\t\t\t\t<h3><a title=\"Polyvac Rubella Ag Rapid Test\" href=\"https:\/\/staging.polyvac.com.vn\/en\/research\/khay-thu-xet-nghiem-dinh-tinh-khang-nguyen-vi-rut-rubella\/\">Polyvac Rubella Ag Rapid Test<\/a><\/h3>\t\t\t\t\t\n\t\t\t\t<\/div>\n\n\t\t\t\t   \n\t\t\t<\/div>\t\t\n\t\t<\/div>\n\t<\/div>\n<\/article><\/div><div class=\"ts-box-col-wrapper col-lg-4 col-sm-6 col-md-4 col-xs-12 ts-term-148\"><article class=\"themestek-box themestek-box-portfolio ts-portfoliobox-style-1 ts-hover-style-2\">\n\t<div class=\"themestek-post-item\">\n\t\t<a href=\"https:\/\/staging.polyvac.com.vn\/en\/research\/khay-thu-xet-nghiem-dinh-tinh-khang-nguyen-vi-rut-rota\/\">\n\t\t<span class=\"themestek-item-thumbnail\">\n\t\t\t<span class=\"themestek-item-thumbnail-inner\">\n\t\t\t\t<img decoding=\"async\" width=\"800\" height=\"650\" src=\"https:\/\/staging.polyvac.com.vn\/wp-content\/uploads\/2026\/02\/ROTA-e1774882078777-800x650.jpg\" class=\"attachment-themestek-img-800x650 size-themestek-img-800x650 wp-post-image\" alt=\"\" \/>\n\t\t\t<\/span>\n\t\t<\/span><\/a>\n\t\t<div class=\"themestek-box-content\">\n            <div class=\"themestek-box-content-inner\">\t\t\t  \n\t\t\t\t\n\t\t\t\t<div class=\"themestek-pf-box-title\">\n\t\t\t\t\t<div class=\"themestek-box-category\"><a href=\"https:\/\/staging.polyvac.com.vn\/en\/research-category\/sanphamdangnghiencuu\/\">Product Under Development<\/a><\/div>\n\t\t\t\t\t<h3><a title=\"Polyvac Rota Ag Rapid Test\" href=\"https:\/\/staging.polyvac.com.vn\/en\/research\/khay-thu-xet-nghiem-dinh-tinh-khang-nguyen-vi-rut-rota\/\">Polyvac Rota Ag Rapid Test<\/a><\/h3>\t\t\t\t\t\n\t\t\t\t<\/div>\n\n\t\t\t\t   \n\t\t\t<\/div>\t\t\n\t\t<\/div>\n\t<\/div>\n<\/article><\/div><div class=\"ts-box-col-wrapper col-lg-4 col-sm-6 col-md-4 col-xs-12 ts-term-148\"><article class=\"themestek-box themestek-box-portfolio ts-portfoliobox-style-1 ts-hover-style-2\">\n\t<div class=\"themestek-post-item\">\n\t\t<a href=\"https:\/\/staging.polyvac.com.vn\/en\/research\/que-thu-xet-nghiem-dinh-tinh-khang-nguyen-ns1-cua-vi-rut-dengue\/\">\n\t\t<span class=\"themestek-item-thumbnail\">\n\t\t\t<span class=\"themestek-item-thumbnail-inner\">\n\t\t\t\t<img decoding=\"async\" width=\"800\" height=\"650\" src=\"https:\/\/staging.polyvac.com.vn\/wp-content\/uploads\/2026\/02\/DENGUE-e1774882216824-800x650.jpg\" class=\"attachment-themestek-img-800x650 size-themestek-img-800x650 wp-post-image\" alt=\"\" \/>\n\t\t\t<\/span>\n\t\t<\/span><\/a>\n\t\t<div class=\"themestek-box-content\">\n            <div class=\"themestek-box-content-inner\">\t\t\t  \n\t\t\t\t\n\t\t\t\t<div class=\"themestek-pf-box-title\">\n\t\t\t\t\t<div class=\"themestek-box-category\"><a href=\"https:\/\/staging.polyvac.com.vn\/en\/research-category\/sanphamdangnghiencuu\/\">Product Under Development<\/a><\/div>\n\t\t\t\t\t<h3><a title=\"Polyvac Dengue NS1 Ag Rapid Test\" href=\"https:\/\/staging.polyvac.com.vn\/en\/research\/que-thu-xet-nghiem-dinh-tinh-khang-nguyen-ns1-cua-vi-rut-dengue\/\">Polyvac Dengue NS1 Ag Rapid Test<\/a><\/h3>\t\t\t\t\t\n\t\t\t\t<\/div>\n\n\t\t\t\t   \n\t\t\t<\/div>\t\t\n\t\t<\/div>\n\t<\/div>\n<\/article><\/div><div class=\"ts-box-col-wrapper col-lg-4 col-sm-6 col-md-4 col-xs-12 ts-term-148\"><article class=\"themestek-box themestek-box-portfolio ts-portfoliobox-style-1 ts-hover-style-2\">\n\t<div class=\"themestek-post-item\">\n\t\t<a href=\"https:\/\/staging.polyvac.com.vn\/en\/research\/khay-thu-xet-nghiem-dinh-tinh-khang-nguyen-vi-rut-cum-gay-benh-cum-a-b\/\">\n\t\t<span class=\"themestek-item-thumbnail\">\n\t\t\t<span class=\"themestek-item-thumbnail-inner\">\n\t\t\t\t<img loading=\"lazy\" decoding=\"async\" width=\"800\" height=\"650\" src=\"https:\/\/staging.polyvac.com.vn\/wp-content\/uploads\/2026\/02\/CUM-e1774882330845-800x650.jpg\" class=\"attachment-themestek-img-800x650 size-themestek-img-800x650 wp-post-image\" alt=\"\" \/>\n\t\t\t<\/span>\n\t\t<\/span><\/a>\n\t\t<div class=\"themestek-box-content\">\n            <div class=\"themestek-box-content-inner\">\t\t\t  \n\t\t\t\t\n\t\t\t\t<div class=\"themestek-pf-box-title\">\n\t\t\t\t\t<div class=\"themestek-box-category\"><a href=\"https:\/\/staging.polyvac.com.vn\/en\/research-category\/sanphamdangnghiencuu\/\">Product Under Development<\/a><\/div>\n\t\t\t\t\t<h3><a title=\"Polyvac Flu A\/B Ag Rapid Test\" href=\"https:\/\/staging.polyvac.com.vn\/en\/research\/khay-thu-xet-nghiem-dinh-tinh-khang-nguyen-vi-rut-cum-gay-benh-cum-a-b\/\">Polyvac Flu A\/B Ag Rapid Test<\/a><\/h3>\t\t\t\t\t\n\t\t\t\t<\/div>\n\n\t\t\t\t   \n\t\t\t<\/div>\t\t\n\t\t<\/div>\n\t<\/div>\n<\/article><\/div>\n\t\t\t<\/div>\n\t\t<\/div><!-- .themestek-boxes-inner -->   <\/div><!-- .themestek-boxes -->  \t\t\t\t<\/div>\n\t\t\t\t<\/div>\n\t\t\t\t\t<\/div>\n\t\t<\/div>\n\t\t\t\t\t<\/div>\n\t\t<\/div>\n\t\t\t\t<\/div>","protected":false},"excerpt":{"rendered":"<p>All S\u1ea3n ph\u1ea9m \u0111ang nghi\u00ean c\u1ee9u S\u1ea3n ph\u1ea9m \u0111ang nghi\u00ean c\u1ee9u Khay th\u1eed x\u00e9t nghi\u1ec7m \u0111\u1ecbnh t\u00ednh kh\u00e1ng nguy\u00ean vi r\u00fat Rubella S\u1ea3n ph\u1ea9m \u0111ang nghi\u00ean c\u1ee9u Khay th\u1eed x\u00e9t nghi\u1ec7m \u0111\u1ecbnh t\u00ednh kh\u00e1ng nguy\u00ean vi r\u00fat Rota S\u1ea3n ph\u1ea9m \u0111ang nghi\u00ean c\u1ee9u Que th\u1eed x\u00e9t nghi\u1ec7m \u0111\u1ecbnh t\u00ednh kh\u00e1ng nguy\u00ean NS1 c\u1ee7a vi r\u00fat &hellip; <a href=\"https:\/\/staging.polyvac.com.vn\/en\/research\/khay-thu-xet-nghiem-dinh-tinh-khang-nguyen-vi-rut-cum-gay-benh-cum-a-b\/\" class=\"more-link\" title=\"Continue reading <span class=\"screen-reader-text\">Polyvac Flu A\/B Ag Rapid Test<\/span>&#8220;>Continue reading <span class=\"screen-reader-text\">Polyvac Flu A\/B Ag Rapid Test<\/span><\/a><\/p>","protected":false},"author":1,"featured_media":0,"parent":0,"menu_order":23,"comment_status":"closed","ping_status":"closed","template":"","meta":{"footnotes":""},"class_list":["post-2757","page","type-page","status-publish","hentry"],"_links":{"self":[{"href":"https:\/\/staging.polyvac.com.vn\/en\/wp-json\/wp\/v2\/pages\/2757","targetHints":{"allow":["GET"]}}],"collection":[{"href":"https:\/\/staging.polyvac.com.vn\/en\/wp-json\/wp\/v2\/pages"}],"about":[{"href":"https:\/\/staging.polyvac.com.vn\/en\/wp-json\/wp\/v2\/types\/page"}],"author":[{"embeddable":true,"href":"https:\/\/staging.polyvac.com.vn\/en\/wp-json\/wp\/v2\/users\/1"}],"replies":[{"embeddable":true,"href":"https:\/\/staging.polyvac.com.vn\/en\/wp-json\/wp\/v2\/comments?post=2757"}],"version-history":[{"count":7,"href":"https:\/\/staging.polyvac.com.vn\/en\/wp-json\/wp\/v2\/pages\/2757\/revisions"}],"predecessor-version":[{"id":3152,"href":"https:\/\/staging.polyvac.com.vn\/en\/wp-json\/wp\/v2\/pages\/2757\/revisions\/3152"}],"wp:attachment":[{"href":"https:\/\/staging.polyvac.com.vn\/en\/wp-json\/wp\/v2\/media?parent=2757"}],"curies":[{"name":"wp","href":"https:\/\/api.w.org\/{rel}","templated":true}]}}